{"id":43,"date":"2020-12-01T08:15:08","date_gmt":"2020-12-01T08:15:08","guid":{"rendered":"http:\/\/localhost\/panel\/xpeedstudio\/wp\/automobil\/?page_id=43"},"modified":"2021-01-04T11:53:19","modified_gmt":"2021-01-04T11:53:19","slug":"hakkimizda","status":"publish","type":"page","link":"https:\/\/andanlar.com\/?page_id=43","title":{"rendered":"Hakk\u0131m\u0131zda"},"content":{"rendered":"\t\t<div data-elementor-type=\"wp-post\" data-elementor-id=\"43\" class=\"elementor elementor-43\">\n\t\t\t\t\t\t<section class=\"elementor-section elementor-top-section elementor-element elementor-element-08a0e01 elementor-section-boxed elementor-section-height-default elementor-section-height-default\" data-id=\"08a0e01\" data-element_type=\"section\">\n\t\t\t\t\t\t<div class=\"elementor-container elementor-column-gap-default\">\n\t\t\t\t\t<div class=\"elementor-column elementor-col-100 elementor-top-column elementor-element elementor-element-16645af\" data-id=\"16645af\" data-element_type=\"column\" data-settings=\"{&quot;background_background&quot;:&quot;classic&quot;}\">\n\t\t\t<div class=\"elementor-widget-wrap elementor-element-populated\">\n\t\t\t\t\t\t<section class=\"elementor-section elementor-inner-section elementor-element elementor-element-49a71ab elementor-section-boxed elementor-section-height-default elementor-section-height-default\" data-id=\"49a71ab\" data-element_type=\"section\">\n\t\t\t\t\t\t<div class=\"elementor-container elementor-column-gap-default\">\n\t\t\t\t\t<div class=\"elementor-column elementor-col-50 elementor-inner-column elementor-element elementor-element-65c9d07 skew-shap\" data-id=\"65c9d07\" data-element_type=\"column\">\n\t\t\t<div class=\"elementor-widget-wrap elementor-element-populated\">\n\t\t\t\t\t\t<div class=\"elementor-element elementor-element-2cbb54d elementor-hidden-tablet elementor-hidden-phone elementor-widget elementor-widget-image\" data-id=\"2cbb54d\" data-element_type=\"widget\" data-widget_type=\"image.default\">\n\t\t\t\t<div class=\"elementor-widget-container\">\n\t\t\t\t\t\t\t\t\t\t\t\t\t<img fetchpriority=\"high\" decoding=\"async\" width=\"800\" height=\"492\" src=\"https:\/\/andanlar.com\/wp-content\/uploads\/2021\/01\/semi-truck-maintenance-x500.jpg\" class=\"attachment-large size-large wp-image-2270\" alt=\"\" srcset=\"https:\/\/andanlar.com\/wp-content\/uploads\/2021\/01\/semi-truck-maintenance-x500.jpg 813w, https:\/\/andanlar.com\/wp-content\/uploads\/2021\/01\/semi-truck-maintenance-x500-300x185.jpg 300w, https:\/\/andanlar.com\/wp-content\/uploads\/2021\/01\/semi-truck-maintenance-x500-768x472.jpg 768w\" sizes=\"(max-width: 800px) 100vw, 800px\" \/>\t\t\t\t\t\t\t\t\t\t\t\t\t<\/div>\n\t\t\t\t<\/div>\n\t\t\t\t\t<\/div>\n\t\t<\/div>\n\t\t\t\t<div class=\"elementor-column elementor-col-50 elementor-inner-column elementor-element elementor-element-2275c61\" data-id=\"2275c61\" data-element_type=\"column\">\n\t\t\t<div class=\"elementor-widget-wrap elementor-element-populated\">\n\t\t\t\t\t\t<div class=\"elementor-element elementor-element-bd10e4d elementor-view-stacked elementor-shape-square elementor-widget elementor-widget-icon\" data-id=\"bd10e4d\" data-element_type=\"widget\" data-widget_type=\"icon.default\">\n\t\t\t\t<div class=\"elementor-widget-container\">\n\t\t\t\t\t<div class=\"elementor-icon-wrapper\">\n\t\t\t<div class=\"elementor-icon\">\n\t\t\t\t\t\t\t<i class=\"icon icon-repair\" aria-hidden=\"true\"><\/i>\n\t\t\t\t\t\t<\/div>\n\t\t<\/div>\n\t\t\t\t<\/div>\n\t\t\t\t<\/div>\n\t\t\t\t<div class=\"elementor-element elementor-element-34820fa elementor-widget elementor-widget-autrics-title\" data-id=\"34820fa\" data-element_type=\"widget\" data-widget_type=\"autrics-title.default\">\n\t\t\t\t<div class=\"elementor-widget-container\">\n\t\t\t               <div class=\"title-section-area title-border-none\">\n            <h3 class=\"section-title\"> \n               <span>40<\/span> Y\u0131l\u0131 A\u015fk\u0131n Tecr\u00fcbe            <\/h3>\n         <\/div><!-- Section title -->\t\t\n     \n      \n    \t\t<\/div>\n\t\t\t\t<\/div>\n\t\t\t\t<div class=\"elementor-element elementor-element-b5c3d5e elementor-widget elementor-widget-text-editor\" data-id=\"b5c3d5e\" data-element_type=\"widget\" data-widget_type=\"text-editor.default\">\n\t\t\t\t<div class=\"elementor-widget-container\">\n\t\t\t\t\t\t\t<p>78&#8217;den beri m\u00fc\u015fteri memnuniyetini her zaman \u00f6n planda tutup, i\u015fimizi bu titizlikle devam ettiriyoruz. \u00dcr\u00fcnlerimizde (marka ve kaliteye g\u00f6re s\u00fcresi de\u011fi\u015fmekle birlikte) garanti veriyoruz.<\/p>\t\t\t\t\t\t<\/div>\n\t\t\t\t<\/div>\n\t\t\t\t\t<\/div>\n\t\t<\/div>\n\t\t\t\t\t<\/div>\n\t\t<\/section>\n\t\t\t\t\t<\/div>\n\t\t<\/div>\n\t\t\t\t\t<\/div>\n\t\t<\/section>\n\t\t\t\t<section class=\"elementor-section elementor-top-section elementor-element elementor-element-28c98ce elementor-section-boxed elementor-section-height-default elementor-section-height-default\" data-id=\"28c98ce\" data-element_type=\"section\" data-settings=\"{&quot;background_background&quot;:&quot;classic&quot;}\">\n\t\t\t\t\t\t<div class=\"elementor-container elementor-column-gap-default\">\n\t\t\t\t\t<div class=\"elementor-column elementor-col-50 elementor-top-column elementor-element elementor-element-838d034\" data-id=\"838d034\" data-element_type=\"column\" data-settings=\"{&quot;background_background&quot;:&quot;classic&quot;}\">\n\t\t\t<div class=\"elementor-widget-wrap elementor-element-populated\">\n\t\t\t\t\t\t<div class=\"elementor-element elementor-element-9f10f27 elementor-widget elementor-widget-autrics-about-us-tab\" data-id=\"9f10f27\" data-element_type=\"widget\" data-widget_type=\"autrics-about-us-tab.default\">\n\t\t\t\t<div class=\"elementor-widget-container\">\n\t\t\t\n      <div class=\"row about-us\">\n         <div class=\"col-lg-4 col-md-4\">\n            <ul class=\"nav nav-tabs ts-tab\" id=\"myTab\" role=\"tablist\">\n                              <li class=\"nav-item\">\n                  <a class=\"nav-link active\"  data-toggle=\"tab\" href=\"#tab-item-0\" role=\"tab\"  aria-selected=\"true\">\n                  <i class=\"icon-history\"><\/i>Hakk\u0131mzda<\/a>\n               <\/li>\n                              <li class=\"nav-item\">\n                  <a class=\"nav-link \"  data-toggle=\"tab\" href=\"#tab-item-1\" role=\"tab\"  aria-selected=\"true\">\n                  <i class=\"icon-history\"><\/i>Misyonumuz<\/a>\n               <\/li>\n                              <li class=\"nav-item\">\n                  <a class=\"nav-link \"  data-toggle=\"tab\" href=\"#tab-item-2\" role=\"tab\"  aria-selected=\"true\">\n                  <i class=\"icon-history\"><\/i>Vizyonumuz<\/a>\n               <\/li>\n                           <\/ul><!-- ul end -->\n         <\/div><!-- Col end -->\n         <div class=\"col-lg-8 col-md-8 about-us\">\n            <div class=\"tab-content ts-tab-content\" id=\"myTabContent\">\n                           <div class=\"tab-pane fade show active\" id=\"tab-item-0\" role=\"tabpanel\">\n                  <h2 class=\"column-title-sm\">\n                                    Andanlar <span>Kamyon, A\u011f\u0131r Vas\u0131ta, T\u0131r Servis<\/span>                  <\/h2>\n                  <p>\n                  Sizler i\u00e7in her zaman en tecr\u00fcbeli ve i\u015finde uzman tak\u0131m arkada\u015flar\u0131 ile \u00e7al\u0131\u015fmakta ve ekip arkada\u015flar\u0131m\u0131z\u0131 yeni geli\u015fmeler hakk\u0131nda e\u011fitimlere tabi tutmaktay\u0131z.\n\nBing\u00f6l ve civar\u0131nda Kamyon, A\u011f\u0131r Vas\u0131ta, T\u0131r servis ve bak\u0131m hizmetlerini temel prensibimiz olan ko\u015fulsuz m\u00fc\u015fteri memnuniyeti ile \u00e7\u00f6z\u00fcme y\u00f6nelik kaliteli hizmet anlay\u0131\u015f\u0131 ile sunuyoruz. 42 Y\u0131ll\u0131k servis ge\u00e7mi\u015fimiz ile daima en iyisi ve en uygun fiyat prensibi ile \u00e7al\u0131\u015fmaktay\u0131z.                  <\/p>\n               <\/div> <!-- tab pane end -->\n                              <div class=\"tab-pane fade show \" id=\"tab-item-1\" role=\"tabpanel\">\n                  <h2 class=\"column-title-sm\">\n                                    Andanlar<span> Misyonumuz<\/span>                   <\/h2>\n                  <p>\n                  M\u00fc\u015fterilerimize yenilik\u00e7i, h\u0131zl\u0131, verimli ve de\u011fer katan a\u011f\u0131r vas\u0131ta, kamyon ve t\u0131r tamir, bak\u0131m, onar\u0131m \u00e7\u00f6z\u00fcmlerimiz ile rekabet avantaj\u0131 sa\u011flamakt\u0131r.                  <\/p>\n               <\/div> <!-- tab pane end -->\n                              <div class=\"tab-pane fade show \" id=\"tab-item-2\" role=\"tabpanel\">\n                  <h2 class=\"column-title-sm\">\n                                    Andanlar<span> Vizyonumuz<\/span>                   <\/h2>\n                  <p>\n                  <p>Her zaman do\u011fruyu yapmak, verdi\u011fimiz s\u00f6zleri istisnas\u0131z tutmak, kaliteli ve g\u00fcvenilir hizmet sunmak ve her zaman m\u00fc\u015fteri memnuniyetini sa\u011flamakt\u0131r.<\/p>                  <\/p>\n               <\/div> <!-- tab pane end -->\n                           <\/div> <!-- tab content -->\n         <\/div> <!-- col end -->\n      <\/div><!-- Row end -->\n \n     \t\t<\/div>\n\t\t\t\t<\/div>\n\t\t\t\t\t<\/div>\n\t\t<\/div>\n\t\t\t\t<div class=\"elementor-column elementor-col-50 elementor-top-column elementor-element elementor-element-178506d\" data-id=\"178506d\" data-element_type=\"column\">\n\t\t\t<div class=\"elementor-widget-wrap elementor-element-populated\">\n\t\t\t\t\t\t<div class=\"elementor-element elementor-element-6cb1530 elementor-widget elementor-widget-image\" data-id=\"6cb1530\" data-element_type=\"widget\" data-widget_type=\"image.default\">\n\t\t\t\t<div class=\"elementor-widget-container\">\n\t\t\t\t\t\t\t\t\t\t\t\t\t<img decoding=\"async\" width=\"593\" height=\"444\" src=\"https:\/\/andanlar.com\/wp-content\/uploads\/2020\/12\/nedenbiz-img1.png\" class=\"attachment-large size-large wp-image-2184\" alt=\"\" srcset=\"https:\/\/andanlar.com\/wp-content\/uploads\/2020\/12\/nedenbiz-img1.png 593w, https:\/\/andanlar.com\/wp-content\/uploads\/2020\/12\/nedenbiz-img1-300x225.png 300w\" sizes=\"(max-width: 593px) 100vw, 593px\" \/>\t\t\t\t\t\t\t\t\t\t\t\t\t<\/div>\n\t\t\t\t<\/div>\n\t\t\t\t\t<\/div>\n\t\t<\/div>\n\t\t\t\t\t<\/div>\n\t\t<\/section>\n\t\t\t\t<section class=\"elementor-section elementor-top-section elementor-element elementor-element-bbb7da3 solid-bg elementor-section-boxed elementor-section-height-default elementor-section-height-default\" data-id=\"bbb7da3\" data-element_type=\"section\">\n\t\t\t\t\t\t<div class=\"elementor-container elementor-column-gap-default\">\n\t\t\t\t\t<div class=\"elementor-column elementor-col-100 elementor-top-column elementor-element elementor-element-e384d29\" data-id=\"e384d29\" data-element_type=\"column\">\n\t\t\t<div class=\"elementor-widget-wrap elementor-element-populated\">\n\t\t\t\t\t\t<div class=\"elementor-element elementor-element-8d1e6fa elementor-widget elementor-widget-image-carousel\" data-id=\"8d1e6fa\" data-element_type=\"widget\" data-settings=\"{&quot;slides_to_show&quot;:&quot;5&quot;,&quot;slides_to_scroll&quot;:&quot;5&quot;,&quot;navigation&quot;:&quot;none&quot;,&quot;autoplay&quot;:&quot;yes&quot;,&quot;pause_on_hover&quot;:&quot;yes&quot;,&quot;pause_on_interaction&quot;:&quot;yes&quot;,&quot;autoplay_speed&quot;:5000,&quot;infinite&quot;:&quot;yes&quot;,&quot;speed&quot;:500}\" data-widget_type=\"image-carousel.default\">\n\t\t\t\t<div class=\"elementor-widget-container\">\n\t\t\t\t\t<div class=\"elementor-image-carousel-wrapper swiper\" dir=\"ltr\">\n\t\t\t<div class=\"elementor-image-carousel swiper-wrapper\" aria-live=\"off\">\n\t\t\t\t\t\t\t\t<div class=\"swiper-slide\" role=\"group\" aria-roledescription=\"slide\" aria-label=\"1 \/ 7\"><figure class=\"swiper-slide-inner\"><img decoding=\"async\" class=\"swiper-slide-image\" src=\"https:\/\/andanlar.com\/wp-content\/uploads\/2020\/12\/194-150x150.png\" alt=\"194\" \/><\/figure><\/div><div class=\"swiper-slide\" role=\"group\" aria-roledescription=\"slide\" aria-label=\"2 \/ 7\"><figure class=\"swiper-slide-inner\"><img decoding=\"async\" class=\"swiper-slide-image\" src=\"https:\/\/andanlar.com\/wp-content\/uploads\/2020\/12\/193-150x150.png\" alt=\"193\" \/><\/figure><\/div><div class=\"swiper-slide\" role=\"group\" aria-roledescription=\"slide\" aria-label=\"3 \/ 7\"><figure class=\"swiper-slide-inner\"><img decoding=\"async\" class=\"swiper-slide-image\" src=\"https:\/\/andanlar.com\/wp-content\/uploads\/2020\/12\/203-150x150.png\" alt=\"203\" \/><\/figure><\/div><div class=\"swiper-slide\" role=\"group\" aria-roledescription=\"slide\" aria-label=\"4 \/ 7\"><figure class=\"swiper-slide-inner\"><img decoding=\"async\" class=\"swiper-slide-image\" src=\"https:\/\/andanlar.com\/wp-content\/uploads\/2020\/12\/204-150x150.png\" alt=\"204\" \/><\/figure><\/div><div class=\"swiper-slide\" role=\"group\" aria-roledescription=\"slide\" aria-label=\"5 \/ 7\"><figure class=\"swiper-slide-inner\"><img decoding=\"async\" class=\"swiper-slide-image\" src=\"https:\/\/andanlar.com\/wp-content\/uploads\/2020\/12\/208-150x150.png\" alt=\"208\" \/><\/figure><\/div><div class=\"swiper-slide\" role=\"group\" aria-roledescription=\"slide\" aria-label=\"6 \/ 7\"><figure class=\"swiper-slide-inner\"><img decoding=\"async\" class=\"swiper-slide-image\" src=\"https:\/\/andanlar.com\/wp-content\/uploads\/2020\/12\/205-150x150.png\" alt=\"205\" \/><\/figure><\/div><div class=\"swiper-slide\" role=\"group\" aria-roledescription=\"slide\" aria-label=\"7 \/ 7\"><figure class=\"swiper-slide-inner\"><img decoding=\"async\" class=\"swiper-slide-image\" src=\"https:\/\/andanlar.com\/wp-content\/uploads\/2020\/12\/210-150x150.png\" alt=\"210\" \/><\/figure><\/div>\t\t\t<\/div>\n\t\t\t\t\t\t\t\n\t\t\t\t\t\t\t\t\t<\/div>\n\t\t\t\t<\/div>\n\t\t\t\t<\/div>\n\t\t\t\t\t<\/div>\n\t\t<\/div>\n\t\t\t\t\t<\/div>\n\t\t<\/section>\n\t\t\t\t<section class=\"elementor-section elementor-top-section elementor-element elementor-element-89314f4 elementor-section-boxed elementor-section-height-default elementor-section-height-default\" data-id=\"89314f4\" data-element_type=\"section\">\n\t\t\t\t\t\t<div class=\"elementor-container elementor-column-gap-default\">\n\t\t\t\t\t<div class=\"elementor-column elementor-col-100 elementor-top-column elementor-element elementor-element-f6c607f\" data-id=\"f6c607f\" data-element_type=\"column\">\n\t\t\t<div class=\"elementor-widget-wrap elementor-element-populated\">\n\t\t\t\t\t\t<div class=\"elementor-element elementor-element-067d74f elementor-widget elementor-widget-autrics-process\" data-id=\"067d74f\" data-element_type=\"widget\" data-widget_type=\"autrics-process.default\">\n\t\t\t\t<div class=\"elementor-widget-container\">\n\t\t\t      \t    \t\n         \n\t\t<div class=\"row footer-top\">\n               <div class=\"col-md-4 footer-box\">\n                  <i class=\"icon icon-map-marker1\"><\/i>\n                  <div class=\"footer-box-content\">\n                     <h3><\/h3>\n                     <p>K\u00fclt\u00fcr Mah. Bing\u00f6l Cad. K\u00fc\u00e7\u00fck Sanayi Sitesi C Blok No: 15 Gen\u00e7 \/ Bing\u00f6l<\/p>\n                  <\/div>\n\t\t\t\t  <span class=\"angle-shap\"><\/span>\n               <\/div><!-- Box 1 end-->\n\t\t\t   <div class=\"col-md-4 footer-box\">\n                  <i class=\"icon icon-phone1\"><\/i>\n                  <div class=\"footer-box-content\">\n                     <h3>Telefon<\/h3>\n                     <p>+90 426 411 31 13<\/p>\n                  <\/div>\n\t\t\t\t  <span class=\"angle-shap\"><\/span>\n\t\t\t\n               <\/div><!-- Box 1 end-->\n\t\t\t   <div class=\"col-md-4 footer-box\">\n                  <i class=\"icon icon-envelope1\"><\/i>\n                  <div class=\"footer-box-content\">\n                     <h3>E-Posta<\/h3>\n                     <p>info@andanlar.com<\/p>\n                  <\/div>\n               <\/div><!-- Box 1 end-->\n         <\/div><!-- Content row end--> \n\n\t          \n     \t\t<\/div>\n\t\t\t\t<\/div>\n\t\t\t\t\t<\/div>\n\t\t<\/div>\n\t\t\t\t\t<\/div>\n\t\t<\/section>\n\t\t\t\t<\/div>\n\t\t","protected":false},"excerpt":{"rendered":"<p>40 Y\u0131l\u0131 A\u015fk\u0131n Tecr\u00fcbe 78&#8217;den beri m\u00fc\u015fteri memnuniyetini her zaman \u00f6n planda tutup, i\u015fimizi bu titizlikle devam ettiriyoruz. \u00dcr\u00fcnlerimizde (marka ve kaliteye g\u00f6re s\u00fcresi de\u011fi\u015fmekle birlikte) garanti veriyoruz. Hakk\u0131mzda Misyonumuz Vizyonumuz Andanlar Kamyon, A\u011f\u0131r Vas\u0131ta, T\u0131r Servis Sizler i\u00e7in her zaman en tecr\u00fcbeli ve i\u015finde uzman tak\u0131m arkada\u015flar\u0131 ile \u00e7al\u0131\u015fmakta ve ekip arkada\u015flar\u0131m\u0131z\u0131 yeni geli\u015fmeler [&hellip;]<\/p>\n","protected":false},"author":1,"featured_media":0,"parent":0,"menu_order":0,"comment_status":"closed","ping_status":"closed","template":"template\/full-width-template.php","meta":{"footnotes":""},"class_list":["post-43","page","type-page","status-publish","hentry"],"_links":{"self":[{"href":"https:\/\/andanlar.com\/index.php?rest_route=\/wp\/v2\/pages\/43","targetHints":{"allow":["GET"]}}],"collection":[{"href":"https:\/\/andanlar.com\/index.php?rest_route=\/wp\/v2\/pages"}],"about":[{"href":"https:\/\/andanlar.com\/index.php?rest_route=\/wp\/v2\/types\/page"}],"author":[{"embeddable":true,"href":"https:\/\/andanlar.com\/index.php?rest_route=\/wp\/v2\/users\/1"}],"replies":[{"embeddable":true,"href":"https:\/\/andanlar.com\/index.php?rest_route=%2Fwp%2Fv2%2Fcomments&post=43"}],"version-history":[{"count":19,"href":"https:\/\/andanlar.com\/index.php?rest_route=\/wp\/v2\/pages\/43\/revisions"}],"predecessor-version":[{"id":2273,"href":"https:\/\/andanlar.com\/index.php?rest_route=\/wp\/v2\/pages\/43\/revisions\/2273"}],"wp:attachment":[{"href":"https:\/\/andanlar.com\/index.php?rest_route=%2Fwp%2Fv2%2Fmedia&parent=43"}],"curies":[{"name":"wp","href":"https:\/\/api.w.org\/{rel}","templated":true}]}}