{"id":66,"date":"2020-12-02T06:20:56","date_gmt":"2020-12-02T06:20:56","guid":{"rendered":"http:\/\/localhost\/panel\/xpeedstudio\/wp\/automobil\/?page_id=66"},"modified":"2021-01-21T10:38:57","modified_gmt":"2021-01-21T10:38:57","slug":"hizmetlerimiz","status":"publish","type":"page","link":"https:\/\/andanlar.com\/?page_id=66","title":{"rendered":"Hizmetlerimiz"},"content":{"rendered":"\t\t<div data-elementor-type=\"wp-post\" data-elementor-id=\"66\" class=\"elementor elementor-66\">\n\t\t\t\t\t\t<section class=\"elementor-section elementor-top-section elementor-element elementor-element-2ccd490 elementor-section-boxed elementor-section-height-default elementor-section-height-default\" data-id=\"2ccd490\" data-element_type=\"section\">\n\t\t\t\t\t\t<div class=\"elementor-container elementor-column-gap-default\">\n\t\t\t\t\t<div class=\"elementor-column elementor-col-100 elementor-top-column elementor-element elementor-element-c2cd2c7\" data-id=\"c2cd2c7\" data-element_type=\"column\">\n\t\t\t<div class=\"elementor-widget-wrap elementor-element-populated\">\n\t\t\t\t\t\t<div class=\"elementor-element elementor-element-6a3b4ea elementor-widget elementor-widget-autrics-title\" data-id=\"6a3b4ea\" data-element_type=\"widget\" data-widget_type=\"autrics-title.default\">\n\t\t\t\t<div class=\"elementor-widget-container\">\n\t\t\t              <div class=\"title-section-area\">\n\t           <h2 class=\"section-title\">\n                  <span>Hizmet<\/span> Alanlar\u0131m\u0131z\t\t\t   <\/h2>\n      <\/div><!-- Section title -->\t\t\n       \n      \n    \t\t<\/div>\n\t\t\t\t<\/div>\n\t\t\t\t\t<\/div>\n\t\t<\/div>\n\t\t\t\t\t<\/div>\n\t\t<\/section>\n\t\t\t\t<section class=\"elementor-section elementor-top-section elementor-element elementor-element-affc6bb elementor-section-boxed elementor-section-height-default elementor-section-height-default\" data-id=\"affc6bb\" data-element_type=\"section\">\n\t\t\t\t\t\t<div class=\"elementor-container elementor-column-gap-default\">\n\t\t\t\t\t<div class=\"elementor-column elementor-col-33 elementor-top-column elementor-element elementor-element-39ad2ae\" data-id=\"39ad2ae\" data-element_type=\"column\">\n\t\t\t<div class=\"elementor-widget-wrap elementor-element-populated\">\n\t\t\t\t\t\t<div class=\"elementor-element elementor-element-8d5268a elementor-widget elementor-widget-autrics-service\" data-id=\"8d5268a\" data-element_type=\"widget\" data-widget_type=\"autrics-service.default\">\n\t\t\t\t<div class=\"elementor-widget-container\">\n\t\t\t  \n         \n\n        \n\n       \n    \n      <div class=\"ts-service-wrapper\">\n               <span class=\"service-img\">\n                  <img decoding=\"async\" class=\"img-fluid\" src=\"https:\/\/andanlar.com\/wp-content\/uploads\/2019\/01\/gas-engine-closeup_1426-118.jpg\" alt=\"service-img\">\n               <\/span> <!-- Service Img end -->\n               <div class=\"service-content\">\n                                    <div class=\"service-icon\">\n                     <i class=\"icon icon-performance\"><\/i>\n                     <\/div> <!-- Service icon end -->\n                                 <h3 class=\"ts-service-title\">\n                        <a href=\"https:\/\/andanlar.com\/?ts_service=agir-vasita-kamyon-ve-tir-komple-motor-revizyonu\">Komple Motor Revizyonu                        <\/a>\n                     <\/h3>\n                                          <p>\n                       A\u011f\u0131r Vas\u0131ta, Kamyon Ve T\u0131r - Komple Motor Revizyonu \n                     <\/p>\n                      \n                                            <a href=\"https:\/\/andanlar.com\/?ts_service=agir-vasita-kamyon-ve-tir-komple-motor-revizyonu\" class=\"readmore\"> Read more                        \n                        <i class=\"fa fa-arrow-right\"><\/i>\n                        \n                      <\/a>\n                      \n                    \n               <\/div> <!-- Service content end -->\n      <\/div> <!-- Service wrapper end -->   \n\n      \n\n\n      \n   \t\t<\/div>\n\t\t\t\t<\/div>\n\t\t\t\t\t<\/div>\n\t\t<\/div>\n\t\t\t\t<div class=\"elementor-column elementor-col-33 elementor-top-column elementor-element elementor-element-b1fcaaa\" data-id=\"b1fcaaa\" data-element_type=\"column\">\n\t\t\t<div class=\"elementor-widget-wrap elementor-element-populated\">\n\t\t\t\t\t\t<div class=\"elementor-element elementor-element-c494a81 elementor-widget elementor-widget-autrics-service\" data-id=\"c494a81\" data-element_type=\"widget\" data-widget_type=\"autrics-service.default\">\n\t\t\t\t<div class=\"elementor-widget-container\">\n\t\t\t  \n         \n\n        \n\n       \n    \n      <div class=\"ts-service-wrapper\">\n               <span class=\"service-img\">\n                  <img decoding=\"async\" class=\"img-fluid\" src=\"https:\/\/andanlar.com\/wp-content\/uploads\/2019\/01\/engine-piston-cross-section-1-1024x683.jpg\" alt=\"service-img\">\n               <\/span> <!-- Service Img end -->\n               <div class=\"service-content\">\n                                    <div class=\"service-icon\">\n                     <i class=\"icon icon-performance\"><\/i>\n                     <\/div> <!-- Service icon end -->\n                                 <h3 class=\"ts-service-title\">\n                        <a href=\"https:\/\/andanlar.com\/?ts_service=agir-vasita-kamyon-ve-tir-motor-ve-karoseri-elektronigi-arizalari\">Motor Ve Karoseri                        <\/a>\n                     <\/h3>\n                                          <p>\n                       Motor Ve Karoseri Elektroni\u011fi Ar\u0131zalar\u0131 Bak\u0131m ve Onar\u0131mlar\u0131... \n                     <\/p>\n                      \n                                            <a href=\"https:\/\/andanlar.com\/?ts_service=agir-vasita-kamyon-ve-tir-motor-ve-karoseri-elektronigi-arizalari\" class=\"readmore\"> Read more                        \n                        <i class=\"fa fa-arrow-right\"><\/i>\n                        \n                      <\/a>\n                      \n                    \n               <\/div> <!-- Service content end -->\n      <\/div> <!-- Service wrapper end -->   \n\n      \n\n\n      \n   \t\t<\/div>\n\t\t\t\t<\/div>\n\t\t\t\t\t<\/div>\n\t\t<\/div>\n\t\t\t\t<div class=\"elementor-column elementor-col-33 elementor-top-column elementor-element elementor-element-75b148c\" data-id=\"75b148c\" data-element_type=\"column\">\n\t\t\t<div class=\"elementor-widget-wrap elementor-element-populated\">\n\t\t\t\t\t\t<div class=\"elementor-element elementor-element-9ee00cd elementor-widget elementor-widget-autrics-service\" data-id=\"9ee00cd\" data-element_type=\"widget\" data-widget_type=\"autrics-service.default\">\n\t\t\t\t<div class=\"elementor-widget-container\">\n\t\t\t  \n         \n\n        \n\n       \n    \n      <div class=\"ts-service-wrapper\">\n               <span class=\"service-img\">\n                  <img decoding=\"async\" class=\"img-fluid\" src=\"https:\/\/andanlar.com\/wp-content\/uploads\/2019\/01\/service_img31.jpg\" alt=\"service-img\">\n               <\/span> <!-- Service Img end -->\n               <div class=\"service-content\">\n                                    <div class=\"service-icon\">\n                     <i class=\"icon icon-performance\"><\/i>\n                     <\/div> <!-- Service icon end -->\n                                 <h3 class=\"ts-service-title\">\n                        <a href=\"https:\/\/andanlar.com\/?ts_service=agir-vasita-kamyon-ve-tir-periyodik-bakimlar\">A\u011f\u0131r Vas\u0131ta, Kamyon                        <\/a>\n                     <\/h3>\n                                          <p>\n                       Fren Sistemleri Tamir ve Bak\u0131m\u0131, Mekanik Ar\u0131zalar\u0131n Giderilmesi, Elektronik Ar\u0131zalar\u0131n \n                     <\/p>\n                      \n                                            <a href=\"https:\/\/andanlar.com\/?ts_service=agir-vasita-kamyon-ve-tir-periyodik-bakimlar\" class=\"readmore\"> Read more                        \n                        <i class=\"fa fa-arrow-right\"><\/i>\n                        \n                      <\/a>\n                      \n                    \n               <\/div> <!-- Service content end -->\n      <\/div> <!-- Service wrapper end -->   \n\n      \n\n\n      \n   \t\t<\/div>\n\t\t\t\t<\/div>\n\t\t\t\t\t<\/div>\n\t\t<\/div>\n\t\t\t\t\t<\/div>\n\t\t<\/section>\n\t\t\t\t<section class=\"elementor-section elementor-top-section elementor-element elementor-element-a91eba4 elementor-section-boxed elementor-section-height-default elementor-section-height-default\" data-id=\"a91eba4\" data-element_type=\"section\">\n\t\t\t\t\t\t<div class=\"elementor-container elementor-column-gap-default\">\n\t\t\t\t\t<div class=\"elementor-column elementor-col-33 elementor-top-column elementor-element elementor-element-2aab93b\" data-id=\"2aab93b\" data-element_type=\"column\">\n\t\t\t<div class=\"elementor-widget-wrap elementor-element-populated\">\n\t\t\t\t\t\t<div class=\"elementor-element elementor-element-b4f2a1e elementor-widget elementor-widget-autrics-service\" data-id=\"b4f2a1e\" data-element_type=\"widget\" data-widget_type=\"autrics-service.default\">\n\t\t\t\t<div class=\"elementor-widget-container\">\n\t\t\t  \n         \n\n        \n\n       \n    \n      <div class=\"ts-service-wrapper\">\n               <span class=\"service-img\">\n                  <img decoding=\"async\" class=\"img-fluid\" src=\"https:\/\/andanlar.com\/wp-content\/uploads\/2019\/01\/service_img61.jpg\" alt=\"service-img\">\n               <\/span> <!-- Service Img end -->\n               <div class=\"service-content\">\n                                    <div class=\"service-icon\">\n                     <i class=\"icon icon-performance\"><\/i>\n                     <\/div> <!-- Service icon end -->\n                                 <h3 class=\"ts-service-title\">\n                        <a href=\"https:\/\/andanlar.com\/?ts_service=agir-vasita-kamyon-bakim-mercedes-benz-ford-trucks-man-kamyon-ve-agir-vasita-ozel-servis-bakim-onarim-ve-yedek-parca\">A\u011f\u0131r Vas\u0131ta Kamyon                        <\/a>\n                     <\/h3>\n                                          <p>\n                       A\u011f\u0131r Vas\u0131ta Kamyon Bak\u0131m Mercedes-Benz, Ford Trucks, Man Kamyon Ve \n                     <\/p>\n                      \n                                            <a href=\"https:\/\/andanlar.com\/?ts_service=agir-vasita-kamyon-bakim-mercedes-benz-ford-trucks-man-kamyon-ve-agir-vasita-ozel-servis-bakim-onarim-ve-yedek-parca\" class=\"readmore\"> Read more                        \n                        <i class=\"fa fa-arrow-right\"><\/i>\n                        \n                      <\/a>\n                      \n                    \n               <\/div> <!-- Service content end -->\n      <\/div> <!-- Service wrapper end -->   \n\n      \n\n\n      \n   \t\t<\/div>\n\t\t\t\t<\/div>\n\t\t\t\t\t<\/div>\n\t\t<\/div>\n\t\t\t\t<div class=\"elementor-column elementor-col-33 elementor-top-column elementor-element elementor-element-a9aa573\" data-id=\"a9aa573\" data-element_type=\"column\">\n\t\t\t<div class=\"elementor-widget-wrap elementor-element-populated\">\n\t\t\t\t\t\t<div class=\"elementor-element elementor-element-df86ef8 elementor-widget elementor-widget-autrics-service\" data-id=\"df86ef8\" data-element_type=\"widget\" data-widget_type=\"autrics-service.default\">\n\t\t\t\t<div class=\"elementor-widget-container\">\n\t\t\t  \n         \n\n        \n\n       \n    \n      <div class=\"ts-service-wrapper\">\n               <span class=\"service-img\">\n                  <img decoding=\"async\" class=\"img-fluid\" src=\"https:\/\/andanlar.com\/wp-content\/uploads\/2019\/01\/professional-car-mechanic-repairing-1-1024x683.jpg\" alt=\"service-img\">\n               <\/span> <!-- Service Img end -->\n               <div class=\"service-content\">\n                                    <div class=\"service-icon\">\n                     <i class=\"icon icon-performance\"><\/i>\n                     <\/div> <!-- Service icon end -->\n                                 <h3 class=\"ts-service-title\">\n                        <a href=\"https:\/\/andanlar.com\/?ts_service=tum-markalara-mekanik-tamir-agir-vasita-kamyon-tir\">T\u00fcm Markalara Mekanik                        <\/a>\n                     <\/h3>\n                                          <p>\n                       Mekanik Ar\u0131zalar\u0131n Giderilmesi, Elektronik Ar\u0131zalar\u0131n Giderilmesi, Fren Sistemleri Tamir ve \n                     <\/p>\n                      \n                                            <a href=\"https:\/\/andanlar.com\/?ts_service=tum-markalara-mekanik-tamir-agir-vasita-kamyon-tir\" class=\"readmore\"> Read more                        \n                        <i class=\"fa fa-arrow-right\"><\/i>\n                        \n                      <\/a>\n                      \n                    \n               <\/div> <!-- Service content end -->\n      <\/div> <!-- Service wrapper end -->   \n\n      \n\n\n      \n   \t\t<\/div>\n\t\t\t\t<\/div>\n\t\t\t\t\t<\/div>\n\t\t<\/div>\n\t\t\t\t<div class=\"elementor-column elementor-col-33 elementor-top-column elementor-element elementor-element-4473894\" data-id=\"4473894\" data-element_type=\"column\">\n\t\t\t<div class=\"elementor-widget-wrap elementor-element-populated\">\n\t\t\t\t\t\t<div class=\"elementor-element elementor-element-84b5972 elementor-widget elementor-widget-autrics-service\" data-id=\"84b5972\" data-element_type=\"widget\" data-widget_type=\"autrics-service.default\">\n\t\t\t\t<div class=\"elementor-widget-container\">\n\t\t\t  \n         \n\n        \n\n       \n    \n      <div class=\"ts-service-wrapper\">\n               <span class=\"service-img\">\n                  <img decoding=\"async\" class=\"img-fluid\" src=\"https:\/\/andanlar.com\/wp-content\/uploads\/2019\/01\/gas-engine-closeup_1426-118.jpg\" alt=\"service-img\">\n               <\/span> <!-- Service Img end -->\n               <div class=\"service-content\">\n                                    <div class=\"service-icon\">\n                     <i class=\"icon icon-performance\"><\/i>\n                     <\/div> <!-- Service icon end -->\n                                 <h3 class=\"ts-service-title\">\n                        <a href=\"https:\/\/andanlar.com\/?ts_service=agir-vasita-kamyon-ve-tir-komple-motor-revizyonu\">Komple Motor Revizyonu                        <\/a>\n                     <\/h3>\n                                          <p>\n                       A\u011f\u0131r Vas\u0131ta, Kamyon Ve T\u0131r - Komple Motor Revizyonu \n                     <\/p>\n                      \n                                            <a href=\"https:\/\/andanlar.com\/?ts_service=agir-vasita-kamyon-ve-tir-komple-motor-revizyonu\" class=\"readmore\"> Read more                        \n                        <i class=\"fa fa-arrow-right\"><\/i>\n                        \n                      <\/a>\n                      \n                    \n               <\/div> <!-- Service content end -->\n      <\/div> <!-- Service wrapper end -->   \n\n      \n\n\n      \n   \t\t<\/div>\n\t\t\t\t<\/div>\n\t\t\t\t\t<\/div>\n\t\t<\/div>\n\t\t\t\t\t<\/div>\n\t\t<\/section>\n\t\t\t\t<section class=\"elementor-section elementor-top-section elementor-element elementor-element-f73c6ea elementor-section-boxed elementor-section-height-default elementor-section-height-default\" data-id=\"f73c6ea\" data-element_type=\"section\" data-settings=\"{&quot;background_background&quot;:&quot;classic&quot;}\">\n\t\t\t\t\t\t\t<div class=\"elementor-background-overlay\"><\/div>\n\t\t\t\t\t\t\t<div class=\"elementor-container elementor-column-gap-no\">\n\t\t\t\t\t<div class=\"elementor-column elementor-col-100 elementor-top-column elementor-element elementor-element-8fc216d\" data-id=\"8fc216d\" data-element_type=\"column\">\n\t\t\t<div class=\"elementor-widget-wrap elementor-element-populated\">\n\t\t\t\t\t\t<div class=\"elementor-element elementor-element-f237a65 elementor-widget elementor-widget-autrics-title\" data-id=\"f237a65\" data-element_type=\"widget\" data-widget_type=\"autrics-title.default\">\n\t\t\t\t<div class=\"elementor-widget-container\">\n\t\t\t              <div class=\"title-section-area\">\n\t           <h2 class=\"section-title\">\n                  <span>Bilgi almak i\u00e7in<\/span> Formu Doldurabilirsiniz\t\t\t   <\/h2>\n      <\/div><!-- Section title -->\t\t\n       \n      \n    \t\t<\/div>\n\t\t\t\t<\/div>\n\t\t\t\t<div class=\"elementor-element elementor-element-963f0fa elementor-widget elementor-widget-shortcode\" data-id=\"963f0fa\" data-element_type=\"widget\" data-widget_type=\"shortcode.default\">\n\t\t\t\t<div class=\"elementor-widget-container\">\n\t\t\t\t\t<div class=\"elementor-shortcode\">\n<div class=\"wpcf7 no-js\" id=\"wpcf7-f1142-o1\" lang=\"en-US\" dir=\"ltr\" data-wpcf7-id=\"1142\">\n<div class=\"screen-reader-response\"><p role=\"status\" aria-live=\"polite\" aria-atomic=\"true\"><\/p> <ul><\/ul><\/div>\n<form action=\"\/index.php?rest_route=%2Fwp%2Fv2%2Fpages%2F66#wpcf7-f1142-o1\" method=\"post\" class=\"wpcf7-form init\" aria-label=\"Contact form\" novalidate=\"novalidate\" data-status=\"init\">\n<fieldset class=\"hidden-fields-container\"><input type=\"hidden\" name=\"_wpcf7\" value=\"1142\" \/><input type=\"hidden\" name=\"_wpcf7_version\" value=\"6.1.5\" \/><input type=\"hidden\" name=\"_wpcf7_locale\" value=\"en_US\" \/><input type=\"hidden\" name=\"_wpcf7_unit_tag\" value=\"wpcf7-f1142-o1\" \/><input type=\"hidden\" name=\"_wpcf7_container_post\" value=\"0\" \/><input type=\"hidden\" name=\"_wpcf7_posted_data_hash\" value=\"\" \/><input type=\"hidden\" name=\"_wpcf7_recaptcha_response\" value=\"\" \/>\n<\/fieldset>\n<div class=\"contactMe ts-main-form\">\n\t<div class=\"form-row\">\n\t\t<div class=\"col-lg-6\">\n\t\t\t<p><span class=\"wpcf7-form-control-wrap\" data-name=\"text-255\"><input size=\"40\" maxlength=\"400\" class=\"wpcf7-form-control wpcf7-text field\" aria-invalid=\"false\" placeholder=\"Ad Soyad\" value=\"\" type=\"text\" name=\"text-255\" \/><\/span>\n\t\t\t<\/p>\n\t\t<\/div>\n\t\t<div class=\"col-lg-6\">\n\t\t\t<p><span class=\"wpcf7-form-control-wrap\" data-name=\"tel-348\"><input size=\"40\" maxlength=\"400\" class=\"wpcf7-form-control wpcf7-tel wpcf7-validates-as-required wpcf7-text wpcf7-validates-as-tel field\" aria-required=\"true\" aria-invalid=\"false\" placeholder=\"Telefon No\" value=\"\" type=\"tel\" name=\"tel-348\" \/><\/span>\n\t\t\t<\/p>\n\t\t<\/div>\n\t<\/div><!-- Row 1 -->\n\t<div class=\"form-row\">\n\t\t<div class=\"col-md-6\">\n\t\t\t<p><span class=\"wpcf7-form-control-wrap\" data-name=\"email-540\"><input size=\"40\" maxlength=\"400\" class=\"wpcf7-form-control wpcf7-email wpcf7-validates-as-required wpcf7-text wpcf7-validates-as-email field\" aria-required=\"true\" aria-invalid=\"false\" placeholder=\"Email\" value=\"\" type=\"email\" name=\"email-540\" \/><\/span>\n\t\t\t<\/p>\n\t\t<\/div>\n\t\t<div class=\"col-md-6 select-item\">\n\t\t\t<p><span class=\"wpcf7-form-control-wrap\" data-name=\"menu-465\"><select class=\"wpcf7-form-control wpcf7-select field\" aria-invalid=\"false\" name=\"menu-465\"><option value=\"Mercedes\">Mercedes<\/option><option value=\"MAN\">MAN<\/option><option value=\"Ford\">Ford<\/option><option value=\"Di\u011fer\">Di\u011fer<\/option><\/select><\/span>\n\t\t\t<\/p>\n\t\t<\/div>\n\t<\/div><!-- Row 2 -->\n\t<div class=\"form-row\">\n\t\t<div class=\"col-md-6\">\n\t\t\t<p><span class=\"wpcf7-form-control-wrap\" data-name=\"date-497\"><input class=\"wpcf7-form-control wpcf7-date wpcf7-validates-as-required wpcf7-validates-as-date field cm-date\" aria-required=\"true\" aria-invalid=\"false\" value=\"\" type=\"date\" name=\"date-497\" \/><\/span>\n\t\t\t<\/p>\n\t\t<\/div>\n\t\t<div class=\"col-md-6 select-item\">\n\t\t\t<p><span class=\"wpcf7-form-control-wrap\" data-name=\"menu-465\"><select class=\"wpcf7-form-control wpcf7-select field\" aria-invalid=\"false\" name=\"menu-465\"><option value=\"Hizmet Se\u00e7imi\">Hizmet Se\u00e7imi<\/option><option value=\"Motor Te\u015fhis\">Motor Te\u015fhis<\/option><option value=\"Madeni Ya\u011f, Ya\u011f ve Filtreler\">Madeni Ya\u011f, Ya\u011f ve Filtreler<\/option><option value=\"Alt Tak\u0131m\">Alt Tak\u0131m<\/option><option value=\"Di\u011fer\">Di\u011fer<\/option><\/select><\/span>\n\t\t\t<\/p>\n\t\t<\/div>\n\t<\/div><!-- Row 3 -->\n\t<div class=\"btn-after pull-right\">\n\t\t<p><input class=\"wpcf7-form-control wpcf7-submit has-spinner btn btn-primary\" type=\"submit\" value=\"G\u00f6nder\" \/>\n\t\t<\/p>\n\t<\/div>\n\t<div class=\"clearfix\">\n\t<\/div>\n<\/div><div class=\"wpcf7-response-output\" aria-hidden=\"true\"><\/div>\n<\/form>\n<\/div>\n<\/div>\n\t\t\t\t<\/div>\n\t\t\t\t<\/div>\n\t\t\t\t\t<\/div>\n\t\t<\/div>\n\t\t\t\t\t<\/div>\n\t\t<\/section>\n\t\t\t\t<section class=\"elementor-section elementor-top-section elementor-element elementor-element-b0a829f solid-bg elementor-section-boxed elementor-section-height-default elementor-section-height-default\" data-id=\"b0a829f\" data-element_type=\"section\">\n\t\t\t\t\t\t<div class=\"elementor-container elementor-column-gap-default\">\n\t\t\t\t\t<div class=\"elementor-column elementor-col-100 elementor-top-column elementor-element elementor-element-a1389c5\" data-id=\"a1389c5\" data-element_type=\"column\">\n\t\t\t<div class=\"elementor-widget-wrap elementor-element-populated\">\n\t\t\t\t\t\t<div class=\"elementor-element elementor-element-df168b9 elementor-widget elementor-widget-image-carousel\" data-id=\"df168b9\" data-element_type=\"widget\" data-settings=\"{&quot;slides_to_show&quot;:&quot;3&quot;,&quot;slides_to_scroll&quot;:&quot;5&quot;,&quot;navigation&quot;:&quot;none&quot;,&quot;autoplay&quot;:&quot;yes&quot;,&quot;pause_on_hover&quot;:&quot;yes&quot;,&quot;pause_on_interaction&quot;:&quot;yes&quot;,&quot;autoplay_speed&quot;:5000,&quot;infinite&quot;:&quot;yes&quot;,&quot;speed&quot;:500}\" data-widget_type=\"image-carousel.default\">\n\t\t\t\t<div class=\"elementor-widget-container\">\n\t\t\t\t\t<div class=\"elementor-image-carousel-wrapper swiper\" dir=\"ltr\">\n\t\t\t<div class=\"elementor-image-carousel swiper-wrapper\" aria-live=\"off\">\n\t\t\t\t\t\t\t\t<div class=\"swiper-slide\" role=\"group\" aria-roledescription=\"slide\" aria-label=\"1 \/ 3\"><figure class=\"swiper-slide-inner\"><img decoding=\"async\" class=\"swiper-slide-image\" src=\"https:\/\/andanlar.com\/wp-content\/uploads\/2021\/01\/857-300x196.jpg\" alt=\"Mercedes-Benz\" \/><\/figure><\/div><div class=\"swiper-slide\" role=\"group\" aria-roledescription=\"slide\" aria-label=\"2 \/ 3\"><figure class=\"swiper-slide-inner\"><img decoding=\"async\" class=\"swiper-slide-image\" src=\"https:\/\/andanlar.com\/wp-content\/uploads\/2021\/01\/856-300x196.jpg\" alt=\"Ford Truck\" \/><\/figure><\/div><div class=\"swiper-slide\" role=\"group\" aria-roledescription=\"slide\" aria-label=\"3 \/ 3\"><figure class=\"swiper-slide-inner\"><img decoding=\"async\" class=\"swiper-slide-image\" src=\"https:\/\/andanlar.com\/wp-content\/uploads\/2021\/01\/868-300x196.jpg\" alt=\"MAN\" \/><\/figure><\/div>\t\t\t<\/div>\n\t\t\t\t\t\t\t\n\t\t\t\t\t\t\t\t\t<\/div>\n\t\t\t\t<\/div>\n\t\t\t\t<\/div>\n\t\t\t\t\t<\/div>\n\t\t<\/div>\n\t\t\t\t\t<\/div>\n\t\t<\/section>\n\t\t\t\t<section class=\"elementor-section elementor-top-section elementor-element elementor-element-274a8f0 elementor-section-boxed elementor-section-height-default elementor-section-height-default\" data-id=\"274a8f0\" data-element_type=\"section\">\n\t\t\t\t\t\t<div class=\"elementor-container elementor-column-gap-default\">\n\t\t\t\t\t<div class=\"elementor-column elementor-col-100 elementor-top-column elementor-element elementor-element-5e558bb\" data-id=\"5e558bb\" data-element_type=\"column\">\n\t\t\t<div class=\"elementor-widget-wrap elementor-element-populated\">\n\t\t\t\t\t\t<div class=\"elementor-element elementor-element-188c62c elementor-widget elementor-widget-autrics-process\" data-id=\"188c62c\" data-element_type=\"widget\" data-widget_type=\"autrics-process.default\">\n\t\t\t\t<div class=\"elementor-widget-container\">\n\t\t\t      \t    \t\n         \n\t\t<div class=\"row footer-top\">\n               <div class=\"col-md-4 footer-box\">\n                  <i class=\"icon icon-map-marker1\"><\/i>\n                  <div class=\"footer-box-content\">\n                     <h3><\/h3>\n                     <p>K\u00fclt\u00fcr Mah. Bing\u00f6l Cad. K\u00fc\u00e7\u00fck Sanayi Sitesi C Blok No: 15 Gen\u00e7 \/ Bing\u00f6l<\/p>\n                  <\/div>\n\t\t\t\t  <span class=\"angle-shap\"><\/span>\n               <\/div><!-- Box 1 end-->\n\t\t\t   <div class=\"col-md-4 footer-box\">\n                  <i class=\"icon icon-phone1\"><\/i>\n                  <div class=\"footer-box-content\">\n                     <h3>Telefon<\/h3>\n                     <p>+90 426 411 31 13<\/p>\n                  <\/div>\n\t\t\t\t  <span class=\"angle-shap\"><\/span>\n\t\t\t\n               <\/div><!-- Box 1 end-->\n\t\t\t   <div class=\"col-md-4 footer-box\">\n                  <i class=\"icon icon-envelope1\"><\/i>\n                  <div class=\"footer-box-content\">\n                     <h3>E-Posta<\/h3>\n                     <p>info@andanlar.com<\/p>\n                  <\/div>\n               <\/div><!-- Box 1 end-->\n         <\/div><!-- Content row end--> \n\n\t          \n     \t\t<\/div>\n\t\t\t\t<\/div>\n\t\t\t\t\t<\/div>\n\t\t<\/div>\n\t\t\t\t\t<\/div>\n\t\t<\/section>\n\t\t\t\t<\/div>\n\t\t","protected":false},"excerpt":{"rendered":"<p>Hizmet Alanlar\u0131m\u0131z A\u011f\u0131r Vas\u0131ta, Kamyon Most of the vehicles get damaged just because of maintenance Read more A\u011f\u0131r Vas\u0131ta, Kamyon Most of the vehicles get damaged just because of maintenance Read more A\u011f\u0131r Vas\u0131ta, Kamyon Most of the vehicles get damaged just because of maintenance Read more A\u011f\u0131r Vas\u0131ta Kamyon A\u011f\u0131r Vas\u0131ta Kamyon Bak\u0131m Mercedes-Benz, [&hellip;]<\/p>\n","protected":false},"author":1,"featured_media":0,"parent":0,"menu_order":0,"comment_status":"closed","ping_status":"closed","template":"template\/full-width-template.php","meta":{"footnotes":""},"class_list":["post-66","page","type-page","status-publish","hentry"],"_links":{"self":[{"href":"https:\/\/andanlar.com\/index.php?rest_route=\/wp\/v2\/pages\/66","targetHints":{"allow":["GET"]}}],"collection":[{"href":"https:\/\/andanlar.com\/index.php?rest_route=\/wp\/v2\/pages"}],"about":[{"href":"https:\/\/andanlar.com\/index.php?rest_route=\/wp\/v2\/types\/page"}],"author":[{"embeddable":true,"href":"https:\/\/andanlar.com\/index.php?rest_route=\/wp\/v2\/users\/1"}],"replies":[{"embeddable":true,"href":"https:\/\/andanlar.com\/index.php?rest_route=%2Fwp%2Fv2%2Fcomments&post=66"}],"version-history":[{"count":14,"href":"https:\/\/andanlar.com\/index.php?rest_route=\/wp\/v2\/pages\/66\/revisions"}],"predecessor-version":[{"id":2407,"href":"https:\/\/andanlar.com\/index.php?rest_route=\/wp\/v2\/pages\/66\/revisions\/2407"}],"wp:attachment":[{"href":"https:\/\/andanlar.com\/index.php?rest_route=%2Fwp%2Fv2%2Fmedia&parent=66"}],"curies":[{"name":"wp","href":"https:\/\/api.w.org\/{rel}","templated":true}]}}